{"id":3360,"date":"2018-01-25T15:23:50","date_gmt":"2018-01-25T14:23:50","guid":{"rendered":"https:\/\/www.saforturisme.org\/contacte\/"},"modified":"2021-10-14T15:36:34","modified_gmt":"2021-10-14T13:36:34","slug":"contact","status":"publish","type":"page","link":"https:\/\/www.saforturisme.org\/fr\/contact\/","title":{"rendered":"Contact"},"content":{"rendered":"<h1><strong>O\u00f9 sommes-nous?<\/strong><\/h1>\n<p>Avinguda Rep\u00fablica Argentina, 28<br \/>\n46702, Gandia (Val\u00e8ncia)<\/p>\n<p>Tlf. 962 965 003<\/p>\n","protected":false},"excerpt":{"rendered":"<p>O\u00f9 sommes-nous? Avinguda Rep\u00fablica Argentina, 28 46702, Gandia (Val\u00e8ncia) Tlf. 962 965 003<\/p>\n","protected":false},"author":5,"featured_media":0,"parent":0,"menu_order":0,"comment_status":"closed","ping_status":"closed","template":"contact.php","meta":{"_monsterinsights_skip_tracking":false,"_monsterinsights_sitenote_active":false,"_monsterinsights_sitenote_note":"","_monsterinsights_sitenote_category":0},"_links":{"self":[{"href":"https:\/\/www.saforturisme.org\/fr\/wp-json\/wp\/v2\/pages\/3360"}],"collection":[{"href":"https:\/\/www.saforturisme.org\/fr\/wp-json\/wp\/v2\/pages"}],"about":[{"href":"https:\/\/www.saforturisme.org\/fr\/wp-json\/wp\/v2\/types\/page"}],"author":[{"embeddable":true,"href":"https:\/\/www.saforturisme.org\/fr\/wp-json\/wp\/v2\/users\/5"}],"replies":[{"embeddable":true,"href":"https:\/\/www.saforturisme.org\/fr\/wp-json\/wp\/v2\/comments?post=3360"}],"version-history":[{"count":2,"href":"https:\/\/www.saforturisme.org\/fr\/wp-json\/wp\/v2\/pages\/3360\/revisions"}],"predecessor-version":[{"id":3364,"href":"https:\/\/www.saforturisme.org\/fr\/wp-json\/wp\/v2\/pages\/3360\/revisions\/3364"}],"wp:attachment":[{"href":"https:\/\/www.saforturisme.org\/fr\/wp-json\/wp\/v2\/media?parent=3360"}],"curies":[{"name":"wp","href":"https:\/\/api.w.org\/{rel}","templated":true}]}}