{"id":2761,"date":"2018-01-23T11:08:04","date_gmt":"2018-01-23T10:08:04","guid":{"rendered":"https:\/\/www.saforturisme.org\/?page_id=2761"},"modified":"2021-10-05T12:12:33","modified_gmt":"2021-10-05T10:12:33","slug":"quest-ce-que-tu-veux-faire","status":"publish","type":"page","link":"https:\/\/www.saforturisme.org\/fr\/quest-ce-que-tu-veux-faire\/","title":{"rendered":"Qu\u2019est-ce que tu veux faire ?"},"content":{"rendered":"<p>\u00c0 La Safor, vous pourrez vivre une exp\u00e9rience \u00e0 360 \u00b0, o\u00f9 nos 31 municipalit\u00e9s deviendront une destination unique pour les esprits voyageurs les plus exigeants.<\/p>\n","protected":false},"excerpt":{"rendered":"<p>\u00c0 La Safor, vous pourrez vivre une exp\u00e9rience \u00e0 360 \u00b0, o\u00f9 nos 31 municipalit\u00e9s deviendront une destination unique pour les esprits voyageurs les plus exigeants.<\/p>\n","protected":false},"author":5,"featured_media":0,"parent":0,"menu_order":0,"comment_status":"closed","ping_status":"closed","template":"","meta":{"_monsterinsights_skip_tracking":false,"_monsterinsights_sitenote_active":false,"_monsterinsights_sitenote_note":"","_monsterinsights_sitenote_category":0},"_links":{"self":[{"href":"https:\/\/www.saforturisme.org\/fr\/wp-json\/wp\/v2\/pages\/2761"}],"collection":[{"href":"https:\/\/www.saforturisme.org\/fr\/wp-json\/wp\/v2\/pages"}],"about":[{"href":"https:\/\/www.saforturisme.org\/fr\/wp-json\/wp\/v2\/types\/page"}],"author":[{"embeddable":true,"href":"https:\/\/www.saforturisme.org\/fr\/wp-json\/wp\/v2\/users\/5"}],"replies":[{"embeddable":true,"href":"https:\/\/www.saforturisme.org\/fr\/wp-json\/wp\/v2\/comments?post=2761"}],"version-history":[{"count":2,"href":"https:\/\/www.saforturisme.org\/fr\/wp-json\/wp\/v2\/pages\/2761\/revisions"}],"predecessor-version":[{"id":2792,"href":"https:\/\/www.saforturisme.org\/fr\/wp-json\/wp\/v2\/pages\/2761\/revisions\/2792"}],"wp:attachment":[{"href":"https:\/\/www.saforturisme.org\/fr\/wp-json\/wp\/v2\/media?parent=2761"}],"curies":[{"name":"wp","href":"https:\/\/api.w.org\/{rel}","templated":true}]}}