{"id":4434,"date":"2025-12-15T16:22:19","date_gmt":"2025-12-15T15:22:19","guid":{"rendered":"https:\/\/www.saforturisme.org\/?page_id=4434"},"modified":"2025-12-18T13:45:13","modified_gmt":"2025-12-18T12:45:13","slug":"experiencias-de-naturaleza-deporte-y-wellness-2","status":"publish","type":"page","link":"https:\/\/www.saforturisme.org\/es\/experiencias-de-naturaleza-deporte-y-wellness-2\/","title":{"rendered":"Experiencias de Naturaleza, deporte y wellness"},"content":{"rendered":"<h1><strong>Experiencias de Naturaleza, deporte y wellness<img loading=\"lazy\" class=\"aligncenter wp-image-4664 size-thumbnail\" src=\"https:\/\/www.saforturisme.org\/wp-content\/uploads\/2025\/12\/exp.-37-400x400.png\" alt=\"\" width=\"400\" height=\"400\" srcset=\"https:\/\/www.saforturisme.org\/wp-content\/uploads\/2025\/12\/exp.-37-400x400.png 400w, https:\/\/www.saforturisme.org\/wp-content\/uploads\/2025\/12\/exp.-37-150x150.png 150w\" sizes=\"(max-width: 400px) 100vw, 400px\" \/><\/strong><\/h1>\n<h3><b>Descubre<\/b>\u00a0<b>los<\/b>\u00a0<b>espacios<\/b><b>\u00a0naturales de la comarca<\/b><\/h3>\n<p>La Safor es un para\u00edso natural para quienes buscan experiencias activas y emocionantes. En esta regi\u00f3n privilegiada, el Mediterr\u00e1neo y la monta\u00f1a se unen para ofrecer un sinf\u00edn de opciones de turismo de naturaleza y aventura. Desde rutas de senderismo que te llevan a descubrir paisajes espectaculares, como el paraje natural del Parpall\u00f3-Borrell o el macizo del Mond\u00faver, hasta recorridos en bicicleta que atraviesan campos de naranjos y marjales, la Safor invita a todos a conectar con su entorno natural de forma activa.<\/p>\n","protected":false},"excerpt":{"rendered":"<p>Experiencias de Naturaleza, deporte y wellness Descubre\u00a0los\u00a0espacios\u00a0naturales de la comarca La Safor es un para\u00edso natural para quienes buscan experiencias activas y emocionantes. En esta regi\u00f3n privilegiada, el Mediterr\u00e1neo y la monta\u00f1a se unen para ofrecer un sinf\u00edn de opciones de turismo de naturaleza y aventura. Desde rutas de senderismo que te llevan a descubrir [&hellip;]<\/p>\n","protected":false},"author":12,"featured_media":0,"parent":0,"menu_order":0,"comment_status":"closed","ping_status":"closed","template":"","meta":{"_monsterinsights_skip_tracking":false,"_monsterinsights_sitenote_active":false,"_monsterinsights_sitenote_note":"","_monsterinsights_sitenote_category":0},"_links":{"self":[{"href":"https:\/\/www.saforturisme.org\/es\/wp-json\/wp\/v2\/pages\/4434"}],"collection":[{"href":"https:\/\/www.saforturisme.org\/es\/wp-json\/wp\/v2\/pages"}],"about":[{"href":"https:\/\/www.saforturisme.org\/es\/wp-json\/wp\/v2\/types\/page"}],"author":[{"embeddable":true,"href":"https:\/\/www.saforturisme.org\/es\/wp-json\/wp\/v2\/users\/12"}],"replies":[{"embeddable":true,"href":"https:\/\/www.saforturisme.org\/es\/wp-json\/wp\/v2\/comments?post=4434"}],"version-history":[{"count":8,"href":"https:\/\/www.saforturisme.org\/es\/wp-json\/wp\/v2\/pages\/4434\/revisions"}],"predecessor-version":[{"id":4794,"href":"https:\/\/www.saforturisme.org\/es\/wp-json\/wp\/v2\/pages\/4434\/revisions\/4794"}],"wp:attachment":[{"href":"https:\/\/www.saforturisme.org\/es\/wp-json\/wp\/v2\/media?parent=4434"}],"curies":[{"name":"wp","href":"https:\/\/api.w.org\/{rel}","templated":true}]}}