{"id":4419,"date":"2025-12-15T16:09:13","date_gmt":"2025-12-15T15:09:13","guid":{"rendered":"https:\/\/www.saforturisme.org\/?page_id=4419"},"modified":"2025-12-23T09:22:00","modified_gmt":"2025-12-23T08:22:00","slug":"catalogo-de-experiencias-turisticas-de-la-safor","status":"publish","type":"page","link":"https:\/\/www.saforturisme.org\/es\/catalogo-de-experiencias-turisticas-de-la-safor\/","title":{"rendered":"Cat\u00e0logo de Experiencias Tur\u00edsticas de la Safor"},"content":{"rendered":"<h1 style=\"text-align: center;\">Cat\u00e0logo de Experiencias Tur\u00edsticas de La Safor<\/h1>\n<p><img loading=\"lazy\" class=\"aligncenter wp-image-4240 size-thumbnail\" src=\"https:\/\/www.saforturisme.org\/wp-content\/uploads\/2025\/12\/portada-400x400.png\" alt=\"\" width=\"400\" height=\"400\" srcset=\"https:\/\/www.saforturisme.org\/wp-content\/uploads\/2025\/12\/portada-400x400.png 400w, https:\/\/www.saforturisme.org\/wp-content\/uploads\/2025\/12\/portada-150x150.png 150w\" sizes=\"(max-width: 400px) 100vw, 400px\" \/><\/p>\n<h3 style=\"text-align: center;\"><em>Entre el mar y las monta\u00f1as, descubre la magia de La Safor a trav\u00e9s de experiencias tur\u00edsticas \u00fanicas<\/em><\/h3>\n<p style=\"text-align: center;\"><b><i>El Club de\u00a0<\/i><\/b><b><i>Producto<\/i><\/b>\u00a0<b><i>tur\u00edstico<\/i><\/b><b><i>\u00a0de la comarca<\/i><\/b><\/p>\n<p style=\"text-align: center;\">La Mancomunitat de Municipis de La Safor, gracias a los miembros adheridos a su Club de Producto, presenta <b>51<\/b>\u00a0experiencias tanto de un d\u00eda como con alojamiento entre las que encontrar\u00e9is una gran variedad\u00a0 de propuestas gastron\u00f3micas, culturales y deportivas \u00fanicas para todo tipo de p\u00fablicos.<\/p>\n<p style=\"text-align: center;\">A trav\u00e9s de estas experiencias podr\u00e9is descubrir el legado que los Borja dejaron en la comarca, degustar una gran variedad de platos tradicionales o pasear a caballo por el marjal, entre muchas otras actividades. Os invitamos a disfrutar de todas las posibilidades que ofrece la comarca de La Safor.<\/p>\n<p style=\"text-align: center;\">Un territorio que une el mar y la monta\u00f1a.<\/p>\n","protected":false},"excerpt":{"rendered":"<p>Cat\u00e0logo de Experiencias Tur\u00edsticas de La Safor Entre el mar y las monta\u00f1as, descubre la magia de La Safor a trav\u00e9s de experiencias tur\u00edsticas \u00fanicas El Club de\u00a0Producto\u00a0tur\u00edstico\u00a0de la comarca La Mancomunitat de Municipis de La Safor, gracias a los miembros adheridos a su Club de Producto, presenta 51\u00a0experiencias tanto de un d\u00eda como con [&hellip;]<\/p>\n","protected":false},"author":12,"featured_media":0,"parent":0,"menu_order":0,"comment_status":"closed","ping_status":"closed","template":"","meta":{"_monsterinsights_skip_tracking":false,"_monsterinsights_sitenote_active":false,"_monsterinsights_sitenote_note":"","_monsterinsights_sitenote_category":0},"_links":{"self":[{"href":"https:\/\/www.saforturisme.org\/es\/wp-json\/wp\/v2\/pages\/4419"}],"collection":[{"href":"https:\/\/www.saforturisme.org\/es\/wp-json\/wp\/v2\/pages"}],"about":[{"href":"https:\/\/www.saforturisme.org\/es\/wp-json\/wp\/v2\/types\/page"}],"author":[{"embeddable":true,"href":"https:\/\/www.saforturisme.org\/es\/wp-json\/wp\/v2\/users\/12"}],"replies":[{"embeddable":true,"href":"https:\/\/www.saforturisme.org\/es\/wp-json\/wp\/v2\/comments?post=4419"}],"version-history":[{"count":9,"href":"https:\/\/www.saforturisme.org\/es\/wp-json\/wp\/v2\/pages\/4419\/revisions"}],"predecessor-version":[{"id":4805,"href":"https:\/\/www.saforturisme.org\/es\/wp-json\/wp\/v2\/pages\/4419\/revisions\/4805"}],"wp:attachment":[{"href":"https:\/\/www.saforturisme.org\/es\/wp-json\/wp\/v2\/media?parent=4419"}],"curies":[{"name":"wp","href":"https:\/\/api.w.org\/{rel}","templated":true}]}}