{"id":4401,"date":"2025-12-15T11:51:10","date_gmt":"2025-12-15T10:51:10","guid":{"rendered":"https:\/\/www.saforturisme.org\/experiencias-gastronomicas\/"},"modified":"2026-01-20T11:58:14","modified_gmt":"2026-01-20T10:58:14","slug":"experiencias-gastronomicas","status":"publish","type":"page","link":"https:\/\/www.saforturisme.org\/es\/experiencias-gastronomicas\/","title":{"rendered":"Experiencias gastron\u00f3micas"},"content":{"rendered":"<h1 style=\"text-align: center;\"><b>Experiencias<\/b> <b>gastron\u00f3micas<\/b><\/h1>\n<h1 style=\"text-align: center;\"><\/h1>\n<h1 style=\"text-align: center;\"><b><img loading=\"lazy\" class=\"wp-image-4795 size-thumbnail aligncenter\" src=\"https:\/\/www.saforturisme.org\/wp-content\/uploads\/2025\/12\/exp.-44.png\" alt=\"\" width=\"400\" height=\"400\" srcset=\"https:\/\/www.saforturisme.org\/wp-content\/uploads\/2025\/12\/exp.-44-400x400.png 400w, https:\/\/www.saforturisme.org\/wp-content\/uploads\/2025\/12\/exp.-44-150x150.png 150w\" sizes=\"(max-width: 400px) 100vw, 400px\" \/><\/b><\/h1>\n<p style=\"text-align: center;\"><b>De la <\/b><b>huerta<\/b><b> al <\/b><b>plato<\/b><b>: la <\/b><b>esencia<\/b> <b>gastron\u00f3mica<\/b><b> de la <\/b><b>Safor<\/b><\/p>\n<p style=\"text-align: center;\">La Safor es una tierra de sabores aut\u00e9nticos y tradiciones culinarias que conquistan los sentidos. Su cocina, marcada por el frescor del Mediterr\u00e1neo y la riqueza de su tierra, ofrece una experiencia gastron\u00f3mica \u00fanica para quienes desean saborear lo mejor de la gastronom\u00eda valenciana. Desde las emblem\u00e1ticas paellas y arroces que se preparan siguiendo recetas tradicionales y platos de autor que reinventan la cocina local, hasta productos de elaboraci\u00f3n artesanal como la ginebra de la Clandestiler\u00eda en Potr\u00edes.<\/p>\n<p style=\"text-align: center;\">En este cat\u00e1logo os ofrecemos un gran abanico de experiencias gastron\u00f3micas para que pod\u00e1is degustar la amplia oferta de la comarca.<\/p>\n","protected":false},"excerpt":{"rendered":"<p>Experiencias gastron\u00f3micas De la huerta al plato: la esencia gastron\u00f3mica de la Safor La Safor es una tierra de sabores aut\u00e9nticos y tradiciones culinarias que conquistan los sentidos. Su cocina, marcada por el frescor del Mediterr\u00e1neo y la riqueza de su tierra, ofrece una experiencia gastron\u00f3mica \u00fanica para quienes desean saborear lo mejor de la [&hellip;]<\/p>\n","protected":false},"author":12,"featured_media":0,"parent":0,"menu_order":0,"comment_status":"closed","ping_status":"closed","template":"","meta":{"_monsterinsights_skip_tracking":false,"_monsterinsights_sitenote_active":false,"_monsterinsights_sitenote_note":"","_monsterinsights_sitenote_category":0},"_links":{"self":[{"href":"https:\/\/www.saforturisme.org\/es\/wp-json\/wp\/v2\/pages\/4401"}],"collection":[{"href":"https:\/\/www.saforturisme.org\/es\/wp-json\/wp\/v2\/pages"}],"about":[{"href":"https:\/\/www.saforturisme.org\/es\/wp-json\/wp\/v2\/types\/page"}],"author":[{"embeddable":true,"href":"https:\/\/www.saforturisme.org\/es\/wp-json\/wp\/v2\/users\/12"}],"replies":[{"embeddable":true,"href":"https:\/\/www.saforturisme.org\/es\/wp-json\/wp\/v2\/comments?post=4401"}],"version-history":[{"count":6,"href":"https:\/\/www.saforturisme.org\/es\/wp-json\/wp\/v2\/pages\/4401\/revisions"}],"predecessor-version":[{"id":4850,"href":"https:\/\/www.saforturisme.org\/es\/wp-json\/wp\/v2\/pages\/4401\/revisions\/4850"}],"wp:attachment":[{"href":"https:\/\/www.saforturisme.org\/es\/wp-json\/wp\/v2\/media?parent=4401"}],"curies":[{"name":"wp","href":"https:\/\/api.w.org\/{rel}","templated":true}]}}