{"id":4399,"date":"2025-12-15T11:42:48","date_gmt":"2025-12-15T10:42:48","guid":{"rendered":"https:\/\/www.saforturisme.org\/cultura-e-historia\/"},"modified":"2025-12-18T13:43:46","modified_gmt":"2025-12-18T12:43:46","slug":"cultura-e-historia","status":"publish","type":"page","link":"https:\/\/www.saforturisme.org\/es\/cultura-e-historia\/","title":{"rendered":"Cultura e historia"},"content":{"rendered":"<h1 style=\"text-align: center;\"><strong>EXPERIENCIAS DE CULTURA E HISTORIA<\/strong><\/h1>\n<h3 style=\"text-align: center;\"><em><b><img loading=\"lazy\" class=\"aligncenter wp-image-4385 size-thumbnail\" src=\"https:\/\/www.saforturisme.org\/wp-content\/uploads\/2025\/12\/cropped-cropped-exp-2.png\" alt=\"\" width=\"400\" height=\"250\" \/><\/b><\/em><\/h3>\n<h3><\/h3>\n<h3 style=\"text-align: center;\"><em><b>Cultura e <\/b><b>historia<\/b> <b>en<\/b><b> La S<\/b><b>afor<\/b><\/em><\/h3>\n<p style=\"text-align: center;\">La Safor cuenta con un patrimonio hist\u00f3rico y cultural que nos puede remontar al Paleol\u00edtico superior, con yacimientos como la Cueva del Parpall\u00f3, o mostrar c\u00f3mo era la vida en el siglo XIV visitando espacios como el Palacio Ducal de Gand\u00eda o Real Monasterio de Sant Jeroni de Cotalba. Estos espacios y muchos m\u00e1s han sido incluidos en varias de las experiencias que aqu\u00ed os mostramos.<\/p>\n<p style=\"text-align: center;\">Cualquiera de estas actividades os ofrece una oportunidad perfecta para conocer el gran legado hist\u00f3rico de la comarca.<\/p>\n","protected":false},"excerpt":{"rendered":"<p>EXPERIENCIAS DE CULTURA E HISTORIA Cultura e historia en La Safor La Safor cuenta con un patrimonio hist\u00f3rico y cultural que nos puede remontar al Paleol\u00edtico superior, con yacimientos como la Cueva del Parpall\u00f3, o mostrar c\u00f3mo era la vida en el siglo XIV visitando espacios como el Palacio Ducal de Gand\u00eda o Real Monasterio [&hellip;]<\/p>\n","protected":false},"author":12,"featured_media":0,"parent":0,"menu_order":0,"comment_status":"closed","ping_status":"closed","template":"","meta":{"_monsterinsights_skip_tracking":false,"_monsterinsights_sitenote_active":false,"_monsterinsights_sitenote_note":"","_monsterinsights_sitenote_category":0},"_links":{"self":[{"href":"https:\/\/www.saforturisme.org\/es\/wp-json\/wp\/v2\/pages\/4399"}],"collection":[{"href":"https:\/\/www.saforturisme.org\/es\/wp-json\/wp\/v2\/pages"}],"about":[{"href":"https:\/\/www.saforturisme.org\/es\/wp-json\/wp\/v2\/types\/page"}],"author":[{"embeddable":true,"href":"https:\/\/www.saforturisme.org\/es\/wp-json\/wp\/v2\/users\/12"}],"replies":[{"embeddable":true,"href":"https:\/\/www.saforturisme.org\/es\/wp-json\/wp\/v2\/comments?post=4399"}],"version-history":[{"count":10,"href":"https:\/\/www.saforturisme.org\/es\/wp-json\/wp\/v2\/pages\/4399\/revisions"}],"predecessor-version":[{"id":4803,"href":"https:\/\/www.saforturisme.org\/es\/wp-json\/wp\/v2\/pages\/4399\/revisions\/4803"}],"wp:attachment":[{"href":"https:\/\/www.saforturisme.org\/es\/wp-json\/wp\/v2\/media?parent=4399"}],"curies":[{"name":"wp","href":"https:\/\/api.w.org\/{rel}","templated":true}]}}